{"id":1807,"date":"2019-04-11T17:47:24","date_gmt":"2019-04-11T14:47:24","guid":{"rendered":"https:\/\/petcare.ee\/privaatsuspoliitika\/"},"modified":"2019-04-11T17:47:24","modified_gmt":"2019-04-11T14:47:24","slug":"privaatsuspoliitika","status":"publish","type":"page","link":"https:\/\/petcare.ee\/ru\/privaatsuspoliitika\/","title":{"rendered":"Privaatsuspoliitika"},"content":{"rendered":"\n<h1><strong>P<\/strong><strong>rivaatsuspoliitika<\/strong><\/h1>\n\n\n\n<h2><strong>1.\nMis kuulub Privaatsuspoliitika alla?<\/strong><\/h2>\n\n\n\n<p>Beauty Pet Care O\u00dc, edaspidi viidatud kui Beauty Petcare, privaatsuspoliitika n\u00e4itab meie kindlat p\u00fchendumust klientide privaatsusele. Allj\u00e4rgnev on veebilehe www.petcare.ee ja selle nutiversiooni ning mobiilirakenduse kaudu, edaspidi viidatud kui Veebileht, informatsiooni kogumise ja avaldamise kord. M\u00f5iste Veebileht alla kuulub ka andmete kogumine ja t\u00f6\u00f6tlemine l\u00e4bi Beauty Petcare meeldetuletus- ja uudiskirjade, sotsiaalmeedia, telefoni ja e-maili.<\/p>\n\n\n\n<p>Oma tegevuses juhindume Euroopa isikuandmete kaitse \u00fcldm\u00e4\u00e4rusest (GDPR), Eesti Vabariigi isikuandmete kaitse seadusest (IKS), meie enda andmekaitsealasest strateegiast ja muudest kehtestatud andmekaitse normatiividest. K\u00e4esolev privaatsusteave (edaspidi Privaatsuspoliitika) on adresseeritud GDPR-i ja IKS-i regulatsioonis nimetatud andmesubjektile, edaspidi Kasutaja, kelle isikuandmeid t\u00f6\u00f6deldakse teenuse osutamiseks.<br><br>Meie privaatsuspoliitika selgitab j\u00e4rgmiseid teemasid:<\/p>\n\n\n\n<ul><li>\n\tMilliseid\n\tisiklikke andmeid ja kuidas me kogume:\n\t<ul><li>\n\t\tAndmed,\n\t\tmida me kogume tellimuse esitamisel\n\t\t<\/li><li>\n\t\tAndmed,\n\t\tmida me kogume veebilehe kasutajatelt\n\t\t<\/li><li>\n\t\tAndmed,\n\t\tmida me kogume meiega kontakteerumisel\n\t<\/li><\/ul>\n\t<\/li><li>\n\tKuidas\n\tme isiklikke andmeid kasutame\n\t<ul><li>\n\t\tTellimuse\n\t\tt\u00e4itmiseks\n\t\t<\/li><li>\n\t\tKlienditoe\n\t\tpakkumiseks\n\t\t<\/li><li>\n\t\tTurundamiseks\n\t\t<\/li><li>\n\t\tEttev\u00f5ttesiseste\n\t\teesm\u00e4rkide t\u00e4itmiseks\n\t<\/li><\/ul>\n\t<\/li><li>\n\tKuidas\n\tme andmeid t\u00f6\u00f6tleme ja hoiustame\n<\/li><\/ul>\n\n\n\n<p>Meie jaoks on oluline hoida Privaatsuspoliitikat ajakohasena ning seet\u00f5ttu palume seda regulaarselt \u00fcle lugeda.<\/p>\n\n\n\n<h2><strong>2.\nMilliseid isiklikke andmeid me kogume?<\/strong><\/h2>\n\n\n\n<p>Me salvestame andmeid iga kord, kui k\u00fclastad meie Veebilehte, sh kui esitad meie Veebilehel tellimuse, liigud Veebilehel ringi, lood Veebilehel konto v\u00f5i kasutad meie teenuseid mingil muul moel. Kui me kasutame oma Veebilehel andmete kogumiseks vorme, siis eristame kohustuslikud v\u00e4ljad mittekohustuslikest. Kui tellimuse t\u00e4itmiseks olulisi isikuandmeid ei esitata, siis ei ole meil v\u00f5imalik tellimust t\u00e4ita.<\/p>\n\n\n\n<p>Me salvestame, t\u00f6\u00f6tleme ja kasutame oma Veebilehel j\u00e4rgmiseid andmeid (andmete kasutamine on v\u00e4lja toodud 8. punkti all):<\/p>\n\n\n\n<p>Isiklikud andmed, mida salvestatakse tellimuse esitamisel<\/p>\n\n\n\n<ul><li>\n\tTellimusega\n\tseotud kontaktandmed, s.h. nimi, telefoninumbrid, e-posti aadress ja\n\tlemmiklooma\n\tnimi,\n\tmuud andmed arveldamiseks.\n\t<\/li><li>\n\tSaadetise\n\tja \u00f5nnitluse kuup\u00e4ev ning t\u00e4htp\u00e4eva iseloom nagu n\u00e4iteks\n\ts\u00fcnnip\u00e4ev, \u00f5nnitlus, aastap\u00e4ev.\n\t<\/li><li>\n\tAndmed\n\ttellimusele lisatud veebilehel\n\tbroneerimise s\u00fc\u00fcsteemi kaudu\n\t(n\u00e4iteks nimed,\n\tkommentarid,\n\ts\u00fcnnikuup\u00e4evad)\n\t<\/li><li>\n\tMeeldetuletuletuste,\n\tteavituste ja uudiskirja eelistused.\n\t<\/li><li>\n\tKasutaja\n\tIP-aadress.\n<\/li><\/ul>\n\n\n\n<p>Veebilehe kasutamisega seonduvad andmed:<\/p>\n\n\n\n<ul><li>\n\tKasutaja\n\ttegevused Veebilehel, nagu milliseid lehti v\u00f5i tooteid ta sirvis\n\tning ostukorvi lisas.\n\t<\/li><li>\n\tVeebilehe\n\tsirvimisel kasutatud seadme t\u00fc\u00fcp, tarkvara, IP-aadress ja seadme\n\tasukoht.\n\t<\/li><li>\n\tKolmandate\n\tosapoolte, s.h. sotsiaalmeedia ja reklaamiplatvormide kaudu saadud\n\tandmed.\n\t<\/li><li>\n\t\u201cK\u00fcpsised\u201d,\n\tmis on vajalikud ostukorvi j\u00e4lgimiseks ja Veebilehe kasutamiseks.\n<\/li><\/ul>\n\n\n\n<p>Meiega kontakteerumisel salvestatavad andmed:<\/p>\n\n\n\n<ul><li> Beauty Petcare ja v\u00e4liste osapoolte meilivestluse sisu (nt Veebilehe ja tellimustega seotud p\u00e4ringud e-posti v\u00f5i Facebooki\/Viberi <em>Live Chat<\/em>&nbsp;tarkvara teel) <\/li><li> Meeldetuletuste, uudiskirjade ja teavitustega kaasnev interaktsioon, s.h. Meeldetuletuste, uudiskirjade ja nendes sisalduvate linkide avamine. <\/li><li> Beauty petcare Facebooki <em> Chat<\/em>`i kaudu peetud kirjavahetus. <\/li><li> Telefonik\u00f5ned. <\/li><\/ul>\n\n\n\n<h2><strong>3.\nKuidas me isiklikke andmeid kasutame?<\/strong><\/h2>\n\n\n\n<p>Me kasutame isiklikke andmeid j\u00e4rgmistel eesm\u00e4rkidel:<\/p>\n\n\n\n<ul><li>\n\tTellimuse\n\tesitamiseks.\n\t<\/li><li>\n\tTellimuse\n\tj\u00e4lgimiseks ja t\u00f6\u00f6tlemiseks.\n\t<\/li><li>\n\tTellijale\n\ttellimuskinnituse edastamiseks v\u00f5i tellimusega seotud probleemidest\n\tteatamiseks.\n<\/li><\/ul>\n\n\n\n<p>Klienditoe pakkumise eesm\u00e4rkidel:<\/p>\n\n\n\n<ul><li>\n\tTellimusega\n\tseotud muudatuste, t\u00fchistamiste ja probleemide korral \u00fchenduse\n\tv\u00f5tmiseks.\n\t<\/li><li>\n\tKlienditoele\n\tedastatud kaebustele ja k\u00fcsimustele vastamiseks.\n\t<\/li><li>\n\tKasutajakonto\n\thaldamiseks.\n\t<\/li><li>\n\tTellimusega\n\tseotud tagasiside saamiseks (seadusega m\u00e4rgitud piirides).\n<\/li><\/ul>\n\n\n\n<p>Tellimuse esitamisel v\u00f5tame tellimuse kinnitamiseks ning v\u00f5imalike tellimuse v\u00f5i kontoga seotud probleemide ning oluliste k\u00fcsimuste puhul \u00fchendust ka siis, kui meeldetuletuste ja eripakkumiste saamise valik on kasutajakontol v\u00e4lja l\u00fclitatud.<br><br>Turunduslikel eesm\u00e4rkidel ning meeldetuletusteenuse kasutamisel:<\/p>\n\n\n\n<ul><li>\n\tUute\n\tv\u00f5i eeldatavalt huvi pakkuvate toodete ja v\u00f5imalustega kursis\n\thoidmiseks.\n\t<\/li><li>\n\tSooduspakkumiste\n\tedastamiseks.\n\t<\/li><li>\n\tOlulistest\n\tt\u00e4htp\u00e4evadest teavitamiseks v\u00f5i Kasutaja poolt m\u00e4rgitud\n\ts\u00fcndmuste ja meeldetuletuste puhul.\n\t<\/li><li>\n\tVeebilehe\n\tkasutajakogemuse mugavamaks, kiiremaks ja personaalsemaks\n\tmuutmiseks, pakkudes Sulle olulisi tooteid ja informatsiooni\n\tesmaj\u00e4rgus.\n\t<\/li><li>\n\tMeeldetuletusteenuse\n\tkasutajakogemuse mugavamaks, kiiremaks ja asjakohasemaks muutmiseks.\n\t<\/li><li>\n\tReklaamide\n\tja b\u00e4nnerite personaalsemaks ja asjakohasemaks kuvamiseks,\n\tvastavalt kasutajak\u00e4itumisele.\n<\/li><\/ul>\n\n\n\n<p>Turunduslikel eesm\u00e4rkidel l\u00e4bi kolmandate osapoolte:<br>Me v\u00f5ime kasutada kolmandate osapoolte teenuseid turunduslikel eesm\u00e4rkidel, n\u00e4iteks reklaamide kuvamiseks teistel veebilehtedel v\u00f5i otsingumootorites. Need osapooled v\u00f5ivad kasutada andmeid (k\u00fcpsiseid), mida oleme kogunud oma Veebilehel, et pakkuda Sulle asjakohasemaid reklaame. Selliselt kogutud info on anon\u00fc\u00fcmne ning kolmas osapool ei p\u00e4\u00e4se ligi Kasutaja isikuga seotud andmetele. T\u00e4psema info meie k\u00fcpsistepoliitika kohta leiab punktist 5.<\/p>\n\n\n\n<p>Ettev\u00f5ttesisestel eesm\u00e4rkidel:<br>Sinu jaoks parima kasutajakogemuse loomiseks, kasutame ja kogume andmeid Veebilehe k\u00fclastatavuse ning toimivuse kohta. Samuti j\u00e4lgime Kasutajate ostuk\u00e4itumist, et muuta tootevalik klientide n\u00f5udlusele vastavaks.<\/p>\n\n\n\n<h2><strong>4.\nKuidas loobuda meie turunduskommunikatsioonist ning\nmeeldetuletustest?<\/strong><\/h2>\n\n\n\n<p>Kasutajal on \u00f5igus loobuda meeldetuletustest ja eripakkumisi sisaldavatest uudiskirjadest:<\/p>\n\n\n\n<ul><li>\n\tTehes\n\tvastava valiku tellimuse\n\tsooritamisel.\n\t<\/li><li>\n\tV\u00f5ttes\n\t\u00fchendust punktis 14 v\u00e4ljatoodud kontaktandmetel.\n<\/li><\/ul>\n\n\n\n<h2><strong>5.\nK\u00fcpsiste poliitika<\/strong><\/h2>\n\n\n\n<p>Veebilehel tellimuse esitamiseks ja ostukorvi j\u00e4lgimiseks on vajalik k\u00fcpsiste salvestamine. K\u00fcpsis ei sisalda personaalset informatsiooni ja on identifitseerimiskood, mis v\u00f5imaldab leida meie Veebilehel vajalikud andmed ostu j\u00e4rgmise etapi sooritamiseks. K\u00fcpsist seostatakse kasutajakontoga ja\/v\u00f5i konkreetse Kasutajaga sisse logides ja\/v\u00f5i ostu sooritamisel.<\/p>\n\n\n\n<p>Parima kasutajakogemuse loomiseks&nbsp; ja klienditeeninduse pakkumiseks kasutavad meie Veebilehel k\u00fcpsiseid ka kolmandate osapoolte pakutud tarkvarad, n\u00e4iteks Veebilehe <em>Live chat&nbsp;<\/em>ja kasutajate kohta k\u00e4ivat statistikat koguvad tarkvarad (nt Google Analytics), mis ei seo k\u00fcpsiste kaudu saadud sirvimisk\u00e4itumist konkreetse Kasutajaga.<\/p>\n\n\n\n<p>Meie lehte kasutades n\u00f5ustute meie K\u00fcpsistepoliitikaga.<\/p>\n\n\n\n<h2><strong>6.\nKuidas me kaitseme isiklikke andmeid?<\/strong><\/h2>\n\n\n\n<p>Beauty Petcare austab oma klientide ja Kasutajate privaatsust ning peab oluliseks, et k\u00f5ik isiklikud andmed oleksid kaitstud ja k\u00f5rvaliste osapoolte jaoks k\u00e4ttesaamatud. Samuti ei salvesta me andmeid, mis ei ole tellimuse esitamiseks, turvalisuse j\u00e4lgimiseks, ettev\u00f5tte turunduslike eesm\u00e4rkide saavutamiseks, Veebilehe kasutajakogemuse parandamiseks v\u00f5i muudel eelnevates punktides olulistel eesm\u00e4rkidel v\u00e4lja toodud p\u00f5hjusteks vajalikud.<br><br>Me kasutame organisatoorseid, tehnilisi ja f\u00fc\u00fcsilisi vahendeid andmete kaitsmiseks. Selleks, et andmed ei kasutataks ega avalikustataks autoriseerimata, kasutame vastavaid turvameetmeid. N\u00e4iteks testime regulaarselt Veebilehtede, andmebaaside, teiste s\u00fcsteemide ja andmekandjate turvalisust, koolitame t\u00f6\u00f6tajaid, hindame riske ja oleme m\u00e4\u00e4ranud vajalikud meetmed ning tegevusplaanid kriisiolukordade lahendamiseks. Seda selleks, et kiiresti ja efektiivselt reageerida andmelekke, sh ka k\u00fcberr\u00fcnnakute ja autoriseerimata ligip\u00e4\u00e4sude korral.<\/p>\n\n\n\n<p>Infoturbeinsidendist teatame j\u00e4relevalveametit ning kannatanut (andmesubjekti) v\u00e4hemalt 72h tunni jooksul peale juhtumit.<br><br><br> <\/p>\n\n\n\n<h2><strong>7.\nMida saab kasutaja oma isiklike andme kaitsmiseks ise teha?<\/strong><\/h2>\n\n\n\n<p>Beauty petcare ei k\u00fcsi oma Veebilehel ega e-posti kaudu pangakontoga seotud salas\u00f5na ega krediitkaardiandmeid.<\/p>\n\n\n\n<p>\n<br>Kasutades\navalikku arvutit v\u00f5i muud seadet v\u00f5i turvamata wi-fi v\u00f5rku, logige\npeale Veebilehe k\u00fclastamist oma kontolt alati v\u00e4lja ning sulgege\nsirvija aken.<\/p>\n\n\n\n<h2><strong>8.\nSeaduslikud alused isikuandmete t\u00f6\u00f6tlemiseks<\/strong><\/h2>\n\n\n\n<p>Beauty Petcare tugineb isikuandmete t\u00f6\u00f6tlemisel erinevatele \u00f5igusp\u00e4rastele alustele. M\u00f5nel juhul v\u00f5ib samade isikuandmete suhtes kohaldada rohkem kui \u00fchte seaduslikku alust.<\/p>\n\n\n\n<ul><li>\n\tLeping:&nbsp;me\n\tkogume ja t\u00f6\u00f6tleme isikuandmeid meile esitatud tellimuse\n\tt\u00e4itmiseks koosk\u00f5las \u00dcldtingimuste ja Privaatsuspoliitikaga.\n\tVastavad isiklikud andmed on t\u00e4psustatud punktis 3.\n\t<\/li><li>\n\t\u00d5igustatud\n\thuvi: me kogume ja t\u00f6\u00f6tleme isikuandmeid tellimuse t\u00e4itmise\n\teesm\u00e4rkidel, klienditoe, veebilehe, ostuprotsesside ja tootevaliku\n\tparandamiseks, turunduslikel eesm\u00e4rkidel, meeldetuletusteenuse ja\n\tkliendi lojaalsusprogrammide raames, seaduslikel p\u00f5hjustel ning\n\tpettuste tuvastamiseks ja ennetamiseks. Vastavad isiklikud andmed on\n\tt\u00e4psustatud punktis 3. Kasutajal on \u00f5igus loobuda turunduslikel\n\teesm\u00e4rkidel, lojaalsusprogrammi ja meeldetuletusteenuse raames\n\tsaadetavatest e-kirjadest. Kasutajal on \u00f5igus kustutada oma konto\n\tning sellega seonduvad andmed, v.a. varasemate tellimuste andmeid.\n\t<\/li><li>\n\tN\u00f5usolek:&nbsp;lisaks\n\t\u00fclaltoodud \u00f5igustatud huvidele toetume me\n\tturunduskommunikatsioonis Kasutajalt saadud n\u00f5usolekule. Kasutaja\n\tv\u00f5ib loobuda lojaalsusprogrammi ja meeldetuletusteenuse raames\n\tsaadetavatest e-kirjadest j\u00e4rgides juhiseid, mis on&nbsp; v\u00e4lja\n\ttoodud punktis 4. NB! n\u00f5usoleku t\u00fchistamine ei pruugi olla piisav,\n\tet kustutada kogu eelnev Kasutaja ja Beauty\n\tPetcare vaheline\n\tsuhtlus v\u00f5i tellimustega seonduv info, kuna meil v\u00f5ib olla teine\n\t\u200b\u200bseaduslik alus, p\u00f5hjus v\u00f5i juriidiline kohustus andmete,\n\tn\u00e4iteks ostude ja lepingutega seotud teabe ja dokumentide\n\tsalvestamiseks. Kasutajatel tuleb arvestada,&nbsp; et peale\n\tturunduskommunikatsioonist v\u00f5i meeldetuletustest loobumist, v\u00f5ime\n\tme ostu sooritamisel k\u00fcsida uuesti n\u00f5usolekut meeldetuletuste v\u00f5i\n\tlojaalsusporgrammi kohta k\u00e4ivate s\u00f5numite saamiseks.\n\t<\/li><li>\n\tJuriidilised\n\tkohustused:&nbsp;Seadusest tulenevalt s\u00e4ilitame me kehtivate\n\tseadustega n\u00f5utavaid maksu- ja raamatupidamisdokumente ning nendega\n\tseotud isikuandmeid.\n<\/li><\/ul>\n\n\n\n<h2><strong>9.\nMillistel juhtudel me jagame isiklikke andmeid kolmandate\nosapooltega?<\/strong><\/h2>\n\n\n\n<p>Me jagame isiklikke andmeid kolmandate osapooltega, et v\u00f5imaldada Veebilehe kasutamist ning sellel ostlemist, tellimuse t\u00e4itmist ning kohaletoimetamist ning oma toodete turundamist. Allpool on toodud v\u00e4lja nimekiri kolmandatest osapooltest, kes v\u00f5ivad isiklikele andmetele ligi p\u00e4\u00e4seda. K\u00f5ik allolevad teenusepakkujad on kohustatud kasutama isikuandmetega t\u00f6\u00f6tamisel vastavaid turvalisusmeetmeid, l\u00e4htuma meie Privaatsuspoliitikast ning j\u00e4lgima seadust.<\/p>\n\n\n\n<p> IT- teenusepakkujad: Beauty Pet Care O\u00dc, edaspidi viidatud kui Beauty Petcare, privaatsuspoliitika n\u00e4itab meie kindlat p\u00fchendumust klientide privaatsusele. Allj\u00e4rgnev on veebilehe www.petcare.ee ja selle nutiversiooni ning mobiilirakenduse kaudu, edaspidi viidatud kui Veebileht, informatsiooni kogumise ja avaldamise kord. M\u00f5iste Veebileht alla kuulub ka andmete kogumine ja t\u00f6\u00f6tlemine l\u00e4bi Beauty Petcare meeldetuletus- ja uudiskirjade, sotsiaalmeedia, telefoni ja e-maili. kasutab veebikeskkondade ja andmebaaside haldamiseks, majutamiseks, arendamiseks ja turvalisuse hoidmiseks kolmandaid osapooli, kes on kohustatud kasutama isikuandmetega t\u00f6\u00f6tamisel vastavaid turvalisusmeetmeid ning j\u00e4lgima seadust.<\/p>\n\n\n\n<p>Finants- ja makselahenduste pakkujad: me kasutame maksevahendina oma pangaterminali oma salongis, mille kaudu edastatakse pangale tellimuse summa ning arvega seotud andmed. Makselahenduste pakkujad aitavad sooritada panga\u00fclekandeid ning avastada ja ennetada petturlikke tehinguid.<\/p>\n\n\n\n<p>Turundusteenuste pakkujad: Me teeme koost\u00f6\u00f6d kolmandate osapooltega, kes:<\/p>\n\n\n\n<ul><li>\n\tPakuvad\n\te-maili ja otseturunduse v\u00f5imalusi;\n\t<\/li><li>\n\tPakuvad\n\tveebireklaami v\u00f5imalusi;\n\t<\/li><li>\n\tHoiustavad\n\tPrivaatsuspoiitikas v\u00e4ljatoodud p\u00f5hjustel klientide teavet\n\tsisaldavaid andmebaase;\n\t<\/li><li>\n\tPakuvad\n\tmeile turunduskampaaniate v\u00f5i Veebilehe kasutamise statistikat ja\n\tselle anal\u00fc\u00fcsi.\n<\/li><\/ul>\n\n\n\n<p>Veebilehe arendus: veebi- ja mobiilikeskkondade kasutajatele v\u00f5imalikult kvaliteetse, turvalise ja mugava teenus osutamiseks, teeme koost\u00f6\u00f6d kolmandate osapooltega. Selle tulemusena saame me t\u00e4iustada ja arendada meie keskkondade funktsionaalsust ja disaini, testida ja parandada toimivust ning anal\u00fc\u00fcsida Veebilehe liiklust ja kasutamist.<\/p>\n\n\n\n<p>Klienditeeninduslahenduste pakkujad:V\u00f5imalikult kvaliteetse ning toimiva teeninduse tagamiseks teeme koost\u00f6\u00f6d kolmandate osapooltega, kes pakuvad \u201cLive Chat\u201d lahendust.<\/p>\n\n\n\n<p>Lisaks eelnevalt v\u00e4ljatoodule v\u00f5ime&nbsp; pakkuda isiklikke andmeid kolmandatele osapooltele ka j\u00e4rgmistel juhtudel:<\/p>\n\n\n\n<p>\u00d5iguskaitse \/ valitsuse taotlused: seadusest tulenevalt v\u00f5ib meil olla kohustus isikuandmete esitamiseks \u00f5iguskaitseorganitele v\u00f5i valitsusasutusele. Samuti v\u00f5ime&nbsp; avaldada isikuandmeid, kui me usume, et avalikustamine on vajalik vastavate seaduste t\u00e4itmiseks, juriidiliste n\u00f5uete kehtestamiseks, teostamiseks v\u00f5i kaitsmiseks, pettuste ja muude ebaseaduslike tegevuste v\u00e4ltimiseks ning nende vastu v\u00f5itlemiseks ja meie kasutajate, t\u00f6\u00f6tajate v\u00f5i kolmandate osapoolte \u00f5iguste, vara v\u00f5i ohutuse tagamiseks.<\/p>\n\n\n\n<p>Beauty Petcare \u00e4ri- ja \u00f5iguslikel eesm\u00e4rkidel \/ \u00dchinemised ja omandamised: isikuandmete avaldamiseks v\u00f5ivad olla \u00e4rilised v\u00f5i juriidilised p\u00f5hjused. N\u00e4iteks v\u00f5ime kolmandatele osapooltele andmeid edastada seoses tegeliku v\u00f5i potentsiaalse \u00fchinemise, konsolideerimise, omandamise, m\u00fc\u00fcgi, loovutamise v\u00f5i muu sarnase tehinguga, mis h\u00f5lmab kogu meie ettev\u00f5ttet, sidusettev\u00f5tet v\u00f5i selle osa. Sellistel juhtudel v\u00f5ivad isikuandmed olla \u00fcks varadest, mida v\u00f5ib ettev\u00f5tte \u00fclemineku k\u00e4igus jagada v\u00f5i \u00fcle anda ja mida kolmas pool kasutab Beauty Petcare tavade ja poliitika j\u00e4rgi.<\/p>\n\n\n\n<h2><strong>10.\nKui kaua me andmeid s\u00e4litame?<\/strong><\/h2>\n\n\n\n<p>Me s\u00e4ilitame isikuandmeid ainult k\u00e4esolevas Privaatsuspoliitikas v\u00e4ljatoodud p\u00f5hjustel ja nii kaua, kuni meil on \u00f5iguslik v\u00f5i \u00e4riline vajadus nende s\u00e4ilitamiseks.<\/p>\n\n\n\n<h2><strong>1<\/strong><strong>1<\/strong><strong>.\nSinu \u00f5igused oma andmetele ligip\u00e4\u00e4semiseks<\/strong><\/h2>\n\n\n\n<p>Me austame oma klientide \u00f5iguseid oma isikuandmete suhtes, seal hulgas ka \u00f5igust taotleda koopiat enda isiklikest andmetest, mida me s\u00e4ilitame. Seejuures tasub t\u00e4hele panna, et saame edastada vaid neid andmeid, mille avalikustamine ei riku intellektuaalomandit v\u00f5i \u00e4riseadust ning ei kahjusta kolmandate isikute \u00f5igusi ja vabadusi ning ei ole tehniliselt \u00fclem\u00e4\u00e4raselt keerukas.<br><br>Isikuandmete omanikul on \u00f5igus:<br><br>Ligip\u00e4\u00e4sule oma isikuandmetele:<br>Selleks, et saada t\u00e4iendavat koopiat k\u00f5ikidest Kasutajat puudutavatest andmetest, tuleb edastada digiallkirjastatud taotlus meie kontaktidele punktis 13. Me vastame taotlusele ja teeme selle suhtes otsuse v\u00e4hemalt 30 t\u00f6\u00f6p\u00e4eva jooksul. Muul viisil isiku tuvastamiseks kui digiallkiri, palume meiega \u00fchendust v\u00f5tta punktis 13 toodud kontaktidel.<br><br>\u00d5igus andmete parandamiseks:&nbsp;Kasutajal on \u00f5igus oma isikuandmeid muuta ja uuendada. Kontol olevaid andmeid saab muuta logides sisse oma kasutajanime ja salas\u00f5naga.<\/p>\n\n\n\n<p>Muul viisil andmete muutmiseks tuleb v\u00f5tta \u00fchendust meie kontaktidel punktis 13.<\/p>\n\n\n\n<h2><strong>1<\/strong><strong>2<\/strong><strong>.\nT\u00e4iendavad \u00f5igused isikuandmetega<\/strong><\/h2>\n\n\n\n<p>Me austame klientide \u00f5iguseid oma isikuandmete suhtes. T\u00e4hele tuleb panna, et meil v\u00f5ivad olla teatud seaduslikud v\u00f5i raamatupidamisest tulenevad vajadused isikuandmete s\u00e4ilitamiseks.<br><br>Kasutajal v\u00f5ivad olla j\u00e4rgnevad lisanduvad \u00f5igused oma andmete osas:<\/p>\n\n\n\n<p>\u00d5igus kustutada oma andmeid: <\/p>\n\n\n\n<p>Andmete kustutamiseks on Kasutajal \u00f5igus esitada digiallkirjastatud taotlus meie kontaktidele punktis 14. Me vastame taotlusele ja otsustame selle rahuldamise v\u00e4hemalt 30 t\u00f6\u00f6p\u00e4eva jooksul. Muul viisil isiku tuvastamiseks kui digiallkiri, palume meiega \u00fchendust v\u00f5tta punktis 13 toodud kontaktidel.<br><br>\u00d5igus piirata oma andmete kasutamist:m\u00f5juval p\u00f5hjusel v\u00f5ib Kasutajal olla \u00f5igus oma&nbsp; isiklikeandmete kasutamist piirata. Selle jaoks palume Kasutajal \u00fchendust v\u00f5tta punktis 14 v\u00e4ljatoodud kontaktidel ning esitada digiallkirjastatud taotlus, kus on t\u00e4pselt \u00e4ra selgitatud p\u00f5hjus ning andmete kasutamisega seonduvad&nbsp; muudatused. Me vastame taotlusele v\u00e4hemalt 30 t\u00f6\u00f6p\u00e4eva jooksul ning v\u00f5ime k\u00fcsida Kasutajalt taotluse osas t\u00e4iendavat informatsiooni.&nbsp;<br><br><br><br> <\/p>\n\n\n\n<h2>\n<strong>1<\/strong><strong>3<\/strong><strong>.\nKontaktinfo<\/strong><\/h2>\n\n\n\n<p>\n<br>Isikuandmetega\nseotud p\u00e4ringute ja taotlustega palume \u00fchendust v\u00f5tta allolevatel\nkontaktidel:<\/p>\n\n\n\n<p>tellefon: +(372) 56 970 751<\/p>\n\n\n\n<p>EMAIL: <a href=\"&#x6d;a&#x69;&#108;t&#x6f;&#58;&#x69;&#110;f&#x6f;&#64;&#x70;&#101;t&#x63;&#97;&#x72;&#x65;&#46;&#x65;&#101;\">i&#110;&#x66;&#x6f;&#64;&#112;&#x65;&#x74;c&#97;&#x72;&#x65;&#46;&#101;&#x65;<\/a><\/p>\n","protected":false},"excerpt":{"rendered":"<p>Privaatsuspoliitika 1. Mis kuulub Privaatsuspoliitika alla? Beauty Pet Care O\u00dc, edaspidi viidatud kui Beauty Petcare, privaatsuspoliitika n\u00e4itab meie kindlat p\u00fchendumust klientide privaatsusele. Allj\u00e4rgnev on veebilehe www.petcare.ee ja selle nutiversiooni ning mobiilirakenduse kaudu, edaspidi viidatud kui Veebileht, informatsiooni kogumise ja avaldamise kord. M\u00f5iste Veebileht alla kuulub ka andmete kogumine ja t\u00f6\u00f6tlemine l\u00e4bi Beauty Petcare meeldetuletus- ja [&hellip;]<\/p>\n","protected":false},"author":4,"featured_media":0,"parent":0,"menu_order":0,"comment_status":"closed","ping_status":"closed","template":"","meta":[],"_links":{"self":[{"href":"https:\/\/petcare.ee\/ru\/wp-json\/wp\/v2\/pages\/1807"}],"collection":[{"href":"https:\/\/petcare.ee\/ru\/wp-json\/wp\/v2\/pages"}],"about":[{"href":"https:\/\/petcare.ee\/ru\/wp-json\/wp\/v2\/types\/page"}],"author":[{"embeddable":true,"href":"https:\/\/petcare.ee\/ru\/wp-json\/wp\/v2\/users\/4"}],"replies":[{"embeddable":true,"href":"https:\/\/petcare.ee\/ru\/wp-json\/wp\/v2\/comments?post=1807"}],"version-history":[{"count":0,"href":"https:\/\/petcare.ee\/ru\/wp-json\/wp\/v2\/pages\/1807\/revisions"}],"wp:attachment":[{"href":"https:\/\/petcare.ee\/ru\/wp-json\/wp\/v2\/media?parent=1807"}],"curies":[{"name":"wp","href":"https:\/\/api.w.org\/{rel}","templated":true}]}}